{"id":114,"date":"2017-06-22T18:56:24","date_gmt":"2017-06-22T18:56:24","guid":{"rendered":"https:\/\/www.researchcashlab.com\/?page_id=114"},"modified":"2022-12-20T16:05:06","modified_gmt":"2022-12-20T16:05:06","slug":"servicios-2","status":"publish","type":"page","link":"https:\/\/www.researchcashlab.com\/en\/servicios-2\/","title":{"rendered":"SERVICES"},"content":{"rendered":"<section class=\"section  text-normal section-text-no-shadow section-inner-no-shadow section-normal section-opaque\"  >\n    \n    <div class=\"background-overlay grid-overlay-0\" style=\"background-color: rgba(0,0,0,0);\"><\/div>\n\n    <div class=\"container container-vertical-default\">\n        <div class=\"row vertical-default\">\n            <div class=\"col-md-6     text-default small-screen-default\"  ><div class=\"col-text-1 text-normal  element-top-20 element-bottom-20\" data-os-animation=\"none\" data-os-animation-delay=\"0s\">\n    <ul>\n<li>\n<h3>We analyze the <strong>financial viability<\/strong> and <strong>profitability<\/strong> of your research results for the industry.<\/h3>\n<\/li>\n<li>\n<h3>We facilitate the <strong>understanding<\/strong> and sale of the scientific research results, besides providing a broad and wide vision of the investment project.<\/h3>\n<\/li>\n<li>\n<h3>We provide <strong>reports<\/strong> with <strong>indicators<\/strong> and <strong>valuation tools<\/strong> of the investment projects (Net Present Value, Sensitivity Analysis, Break Even Analysis, Internal Rate of Return, Opportunity cost of invested capital, Analysis of national and international risk, among others).<\/h3>\n<\/li>\n<\/ul>\n<h3>Nuestro equipo pretende consolidar la implantaci\u00f3n del software Research+ Cash de valoraci\u00f3n econ\u00f3mico-financiera desarrollado a trav\u00e9s de los expedientes INNACC00\/19\/054 y INNACC\/2020\/40. As\u00ed pues, se busca que esta herramienta gratuita coadyuve a la transferencia de la investigaci\u00f3n a la industria y aporte dinamismo al ecosistema emprendedor valenciano, al dotar a los Agentes del Sistema Valenciano de Innovaci\u00f3n de un entorno gamificado de simulaci\u00f3n financiera con el que conocer mejor las debilidades y fortalezas asociadas a la monetizaci\u00f3n de sus invenciones y proyectos empresariales de una forma sencilla e intuitiva.<\/h3>\n<\/div>\n<\/div><div class=\"col-md-6     text-default small-screen-default\"  ><div class=\"divider-wrapper\" style=\"visibility:hidden;background-color:#FFFFFF\">\n    <div class=\"visible-xs\" style=\"height:24px;\"><\/div>\n    <div class=\"visible-sm\" style=\"height:24px;\"><\/div>\n    <div class=\"visible-md\" style=\"height:24px;\"><\/div>\n    <div class=\"visible-lg\" style=\"height:24px;\"><\/div>\n<\/div><div class=\"figure element-top-20 element-bottom-20\" data-os-animation=\"none\" data-os-animation-delay=\"0s\">\n            <a href=\"https:\/\/www.researchcashlab.com\/wp-content\/uploads\/2017\/06\/Captura-de-pantalla-2017-06-21-a-las-12.29.50-3.png\" class=\"figure-image magnific\" target=\"_self\">\n        <img width=\"818\" height=\"458\" src=\"https:\/\/www.researchcashlab.com\/wp-content\/uploads\/2017\/06\/Captura-de-pantalla-2017-06-21-a-las-12.29.50-3.png\" class=\"attachment-full size-full\" alt=\"\" decoding=\"async\" loading=\"lazy\" srcset=\"https:\/\/www.researchcashlab.com\/wp-content\/uploads\/2017\/06\/Captura-de-pantalla-2017-06-21-a-las-12.29.50-3.png 818w, https:\/\/www.researchcashlab.com\/wp-content\/uploads\/2017\/06\/Captura-de-pantalla-2017-06-21-a-las-12.29.50-3-300x168.png 300w, https:\/\/www.researchcashlab.com\/wp-content\/uploads\/2017\/06\/Captura-de-pantalla-2017-06-21-a-las-12.29.50-3-768x430.png 768w\" sizes=\"(max-width: 818px) 100vw, 818px\" \/>            <\/a>\n    <\/div>\n<\/div>        <\/div>\n    <\/div>\n<\/section>\n<section class=\"section  text-normal section-text-no-shadow section-inner-no-shadow section-normal section-opaque\"  >\n    \n    <div class=\"background-overlay grid-overlay-0\" style=\"background-color: rgba(208,102,27,1);\"><\/div>\n\n    <div class=\"container-fullwidth container-vertical-default\">\n        <div class=\"row vertical-default\">\n            <div class=\"col-md-12     text-default small-screen-default\"  ><h1 class=\"text-center  element-top-20 element-bottom-20 text-light normal regular\" data-os-animation=\"none\" data-os-animation-delay=\"0s\" >\n    Contact us<\/h1><\/div>        <\/div>\n    <\/div>\n<\/section>\n<section class=\"section investigadores text-normal section-text-no-shadow section-inner-no-shadow section-normal section-opaque\"  id=\"investigadores\"  data-label=\"investigadores\">\n    \n    <div class=\"background-overlay grid-overlay-0\" style=\"background-color: rgba(0,0,0,0);\"><\/div>\n\n    <div class=\"container container-vertical-default\">\n        <div class=\"row vertical-default\">\n            <div class=\"col-md-12     text-default small-screen-default\"  ><div class=\"col-text-1 text-normal  element-top-20 element-bottom-20\" data-os-animation=\"none\" data-os-animation-delay=\"0s\">\n    <p style=\"text-align: center; color: orange;\"><strong>Contact the R+Cash Lab team <\/strong><\/p>\n<\/div>\n\n<div class=\"wpcf7 no-js\" id=\"wpcf7-f278-o1\" lang=\"es-ES\" dir=\"ltr\">\n<div class=\"screen-reader-response\"><p role=\"status\" aria-live=\"polite\" aria-atomic=\"true\"><\/p> <ul><\/ul><\/div>\n<form action=\"\/en\/wp-json\/wp\/v2\/pages\/114#wpcf7-f278-o1\" method=\"post\" class=\"wpcf7-form init\" aria-label=\"Formulario de contacto\" novalidate=\"novalidate\" data-status=\"init\" data-trp-original-action=\"\/en\/wp-json\/wp\/v2\/pages\/114#wpcf7-f278-o1\">\n<div style=\"display: none;\">\n<input type=\"hidden\" name=\"_wpcf7\" value=\"278\" \/>\n<input type=\"hidden\" name=\"_wpcf7_version\" value=\"5.7.6\" \/>\n<input type=\"hidden\" name=\"_wpcf7_locale\" value=\"es_ES\" \/>\n<input type=\"hidden\" name=\"_wpcf7_unit_tag\" value=\"wpcf7-f278-o1\" \/>\n<input type=\"hidden\" name=\"_wpcf7_container_post\" value=\"0\" \/>\n<input type=\"hidden\" name=\"_wpcf7_posted_data_hash\" value=\"\" \/>\n<\/div>\n<div class=\"row\">\n\t<div class=\"col-md-6\">\n\t\t<div class=\"form-group form-icon-group\">\n\t\t\t<p><i class=\"fa fa-user\"><\/i><span class=\"wpcf7-form-control-wrap\" data-name=\"your-name\"><input size=\"40\" class=\"wpcf7-form-control wpcf7-text wpcf7-validates-as-required form-control\" aria-required=\"true\" aria-invalid=\"false\" placeholder=\"Name and Surname *\" value=\"\" type=\"text\" name=\"your-name\" \/><\/span>\n\t\t\t<\/p>\n\t\t<\/div>\n\t<\/div>\n\t<div class=\"col-md-6\">\n\t\t<div class=\"form-group form-icon-group\">\n\t\t\t<p><i class=\"fa fa-envelope\" > <\/i><span class=\"wpcf7-form-control-wrap\" data-name=\"your-email\"><input size=\"40\" class=\"wpcf7-form-control wpcf7-text wpcf7-email wpcf7-validates-as-required wpcf7-validates-as-email form-control\" aria-required=\"true\" aria-invalid=\"false\" placeholder=\"Email *\" value=\"\" type=\"email\" name=\"your-email\" \/><\/span>\n\t\t\t<\/p>\n\t\t<\/div>\n\t<\/div>\n<\/div>\n<div class=\"form-group form-icon-group\">\n\t<p><i class=\"fa fa-pencil\"><\/i><span class=\"wpcf7-form-control-wrap\" data-name=\"your-message\"><textarea cols=\"40\" rows=\"10\" class=\"wpcf7-form-control wpcf7-textarea form-control\" aria-invalid=\"false\" placeholder=\"Briefly describe the contents of your research, its sector and university or institution where it has been developed.\" name=\"your-message\"><\/textarea><\/span>\n\t<\/p>\n<\/div>\n<p><input class=\"wpcf7-form-control has-spinner wpcf7-submit btn ban-primary\" type=\"submit\" value=\"Send\" \/>\n<\/p><p style=\"display: none !important;\"><label>&#916;<textarea name=\"_wpcf7_ak_hp_textarea\" cols=\"45\" rows=\"8\" maxlength=\"100\"><\/textarea><\/label><input type=\"hidden\" id=\"ak_js_1\" name=\"_wpcf7_ak_js\" value=\"241\"\/><script>document.getElementById( \"ak_js_1\" ).setAttribute( \"value\", ( new Date() ).getTime() );<\/script><\/p><div class=\"wpcf7-response-output\" aria-hidden=\"true\"><\/div>\n<input type=\"hidden\" name=\"trp-form-language\" value=\"en\"\/><\/form>\n<\/div>\n<div class=\"divider-wrapper\" style=\"visibility:hidden;background-color:#FFFFFF\">\n    <div class=\"visible-xs\" style=\"height:24px;\"><\/div>\n    <div class=\"visible-sm\" style=\"height:24px;\"><\/div>\n    <div class=\"visible-md\" style=\"height:24px;\"><\/div>\n    <div class=\"visible-lg\" style=\"height:24px;\"><\/div>\n<\/div><\/div>        <\/div>\n    <\/div>\n<\/section>","protected":false},"excerpt":{"rendered":"Analizamos la viabilidad financiera y la rentabilidad del producto de tu investigaci\u00f3n para la industria. Facilitamos el entendimiento y la venta de los resultados de la investigaci\u00f3n cient\u00edfica, adem\u00e1s de proporcionar una profunda y amplia visi\u00f3n del proyecto de inversi\u00f3n. Elaboramos informes con indicadores y herramientas de valoraci\u00f3n de proyectos de inversi\u00f3n (Valor Actual Neto,","protected":false},"author":3,"featured_media":0,"parent":0,"menu_order":0,"comment_status":"closed","ping_status":"closed","template":"","meta":[],"yoast_head":"<!-- This site is optimized with the Yoast SEO plugin v20.8 - https:\/\/yoast.com\/wordpress\/plugins\/seo\/ -->\n<title>Servicios para investigadores e innovadores | R+Cash Lab<\/title>\n<meta name=\"description\" content=\"An\u00e1lisis de viabilidad y rentabilidad. Facilitamos el entendimiento y la venta de los resultados de tu investigaci\u00f3n cient\u00edfica. Valoramos inversiones.\" \/>\n<meta name=\"robots\" content=\"index, follow, max-snippet:-1, max-image-preview:large, max-video-preview:-1\" \/>\n<link rel=\"canonical\" href=\"https:\/\/www.researchcashlab.com\/en\/servicios-2\/\" \/>\n<meta property=\"og:locale\" content=\"en_US\" \/>\n<meta property=\"og:type\" content=\"article\" \/>\n<meta property=\"og:title\" content=\"Servicios para investigadores e innovadores | R+Cash Lab\" \/>\n<meta property=\"og:description\" content=\"An\u00e1lisis de viabilidad y rentabilidad. Facilitamos el entendimiento y la venta de los resultados de tu investigaci\u00f3n cient\u00edfica. Valoramos inversiones.\" \/>\n<meta property=\"og:url\" content=\"https:\/\/www.researchcashlab.com\/en\/servicios-2\/\" \/>\n<meta property=\"og:site_name\" content=\"Research + Cash Lab\" \/>\n<meta property=\"article:modified_time\" content=\"2022-12-20T16:05:06+00:00\" \/>\n<meta name=\"twitter:card\" content=\"summary_large_image\" \/>\n<meta name=\"twitter:label1\" content=\"Est. reading time\" \/>\n\t<meta name=\"twitter:data1\" content=\"1 minute\" \/>\n<script type=\"application\/ld+json\" class=\"yoast-schema-graph\">{\"@context\":\"https:\/\/schema.org\",\"@graph\":[{\"@type\":\"WebPage\",\"@id\":\"https:\/\/www.researchcashlab.com\/servicios-2\/\",\"url\":\"https:\/\/www.researchcashlab.com\/servicios-2\/\",\"name\":\"Servicios para investigadores e innovadores | R+Cash Lab\",\"isPartOf\":{\"@id\":\"https:\/\/www.researchcashlab.com\/#website\"},\"datePublished\":\"2017-06-22T18:56:24+00:00\",\"dateModified\":\"2022-12-20T16:05:06+00:00\",\"description\":\"An\u00e1lisis de viabilidad y rentabilidad. Facilitamos el entendimiento y la venta de los resultados de tu investigaci\u00f3n cient\u00edfica. Valoramos inversiones.\",\"breadcrumb\":{\"@id\":\"https:\/\/www.researchcashlab.com\/servicios-2\/#breadcrumb\"},\"inLanguage\":\"en-US\",\"potentialAction\":[{\"@type\":\"ReadAction\",\"target\":[\"https:\/\/www.researchcashlab.com\/servicios-2\/\"]}]},{\"@type\":\"BreadcrumbList\",\"@id\":\"https:\/\/www.researchcashlab.com\/servicios-2\/#breadcrumb\",\"itemListElement\":[{\"@type\":\"ListItem\",\"position\":1,\"name\":\"Portada\",\"item\":\"https:\/\/www.researchcashlab.com\/\"},{\"@type\":\"ListItem\",\"position\":2,\"name\":\"SERVICIOS\"}]},{\"@type\":\"WebSite\",\"@id\":\"https:\/\/www.researchcashlab.com\/#website\",\"url\":\"https:\/\/www.researchcashlab.com\/\",\"name\":\"Research + Cash Lab\",\"description\":\"Integramos su investigaci&Atilde;&sup3;n al mercado de empresa\",\"publisher\":{\"@id\":\"https:\/\/www.researchcashlab.com\/#organization\"},\"potentialAction\":[{\"@type\":\"SearchAction\",\"target\":{\"@type\":\"EntryPoint\",\"urlTemplate\":\"https:\/\/www.researchcashlab.com\/?s={search_term_string}\"},\"query-input\":\"required name=search_term_string\"}],\"inLanguage\":\"en-US\"},{\"@type\":\"Organization\",\"@id\":\"https:\/\/www.researchcashlab.com\/#organization\",\"name\":\"Research + Cash Lab\",\"url\":\"https:\/\/www.researchcashlab.com\/\",\"logo\":{\"@type\":\"ImageObject\",\"inLanguage\":\"en-US\",\"@id\":\"https:\/\/www.researchcashlab.com\/#\/schema\/logo\/image\/\",\"url\":\"https:\/\/www.researchcashlab.com\/wp-content\/uploads\/2017\/11\/imgpsh_fullsize-1.png\",\"contentUrl\":\"https:\/\/www.researchcashlab.com\/wp-content\/uploads\/2017\/11\/imgpsh_fullsize-1.png\",\"width\":579,\"height\":195,\"caption\":\"Research + Cash Lab\"},\"image\":{\"@id\":\"https:\/\/www.researchcashlab.com\/#\/schema\/logo\/image\/\"},\"sameAs\":[\"https:\/\/www.linkedin.com\/in\/irene-comeig-ramirez-70b71b7\/\"]}]}<\/script>\n<!-- \/ Yoast SEO plugin. -->","yoast_head_json":{"title":"Servicios para investigadores e innovadores | R+Cash Lab","description":"An\u00e1lisis de viabilidad y rentabilidad. Facilitamos el entendimiento y la venta de los resultados de tu investigaci\u00f3n cient\u00edfica. Valoramos inversiones.","robots":{"index":"index","follow":"follow","max-snippet":"max-snippet:-1","max-image-preview":"max-image-preview:large","max-video-preview":"max-video-preview:-1"},"canonical":"https:\/\/www.researchcashlab.com\/en\/servicios-2\/","og_locale":"en_US","og_type":"article","og_title":"Servicios para investigadores e innovadores | R+Cash Lab","og_description":"An\u00e1lisis de viabilidad y rentabilidad. Facilitamos el entendimiento y la venta de los resultados de tu investigaci\u00f3n cient\u00edfica. Valoramos inversiones.","og_url":"https:\/\/www.researchcashlab.com\/en\/servicios-2\/","og_site_name":"Research + Cash Lab","article_modified_time":"2022-12-20T16:05:06+00:00","twitter_card":"summary_large_image","twitter_misc":{"Est. reading time":"1 minute"},"schema":{"@context":"https:\/\/schema.org","@graph":[{"@type":"WebPage","@id":"https:\/\/www.researchcashlab.com\/servicios-2\/","url":"https:\/\/www.researchcashlab.com\/servicios-2\/","name":"Servicios para investigadores e innovadores | R+Cash Lab","isPartOf":{"@id":"https:\/\/www.researchcashlab.com\/#website"},"datePublished":"2017-06-22T18:56:24+00:00","dateModified":"2022-12-20T16:05:06+00:00","description":"An\u00e1lisis de viabilidad y rentabilidad. Facilitamos el entendimiento y la venta de los resultados de tu investigaci\u00f3n cient\u00edfica. Valoramos inversiones.","breadcrumb":{"@id":"https:\/\/www.researchcashlab.com\/servicios-2\/#breadcrumb"},"inLanguage":"en-US","potentialAction":[{"@type":"ReadAction","target":["https:\/\/www.researchcashlab.com\/servicios-2\/"]}]},{"@type":"BreadcrumbList","@id":"https:\/\/www.researchcashlab.com\/servicios-2\/#breadcrumb","itemListElement":[{"@type":"ListItem","position":1,"name":"Portada","item":"https:\/\/www.researchcashlab.com\/"},{"@type":"ListItem","position":2,"name":"SERVICIOS"}]},{"@type":"WebSite","@id":"https:\/\/www.researchcashlab.com\/#website","url":"https:\/\/www.researchcashlab.com\/","name":"Research + Cash Lab","description":"Integramos su investigaci&Atilde;&sup3;n al mercado de empresa","publisher":{"@id":"https:\/\/www.researchcashlab.com\/#organization"},"potentialAction":[{"@type":"SearchAction","target":{"@type":"EntryPoint","urlTemplate":"https:\/\/www.researchcashlab.com\/?s={search_term_string}"},"query-input":"required name=search_term_string"}],"inLanguage":"en-US"},{"@type":"Organization","@id":"https:\/\/www.researchcashlab.com\/#organization","name":"Research + Cash Lab","url":"https:\/\/www.researchcashlab.com\/","logo":{"@type":"ImageObject","inLanguage":"en-US","@id":"https:\/\/www.researchcashlab.com\/#\/schema\/logo\/image\/","url":"https:\/\/www.researchcashlab.com\/wp-content\/uploads\/2017\/11\/imgpsh_fullsize-1.png","contentUrl":"https:\/\/www.researchcashlab.com\/wp-content\/uploads\/2017\/11\/imgpsh_fullsize-1.png","width":579,"height":195,"caption":"Research + Cash Lab"},"image":{"@id":"https:\/\/www.researchcashlab.com\/#\/schema\/logo\/image\/"},"sameAs":["https:\/\/www.linkedin.com\/in\/irene-comeig-ramirez-70b71b7\/"]}]}},"_links":{"self":[{"href":"https:\/\/www.researchcashlab.com\/en\/wp-json\/wp\/v2\/pages\/114"}],"collection":[{"href":"https:\/\/www.researchcashlab.com\/en\/wp-json\/wp\/v2\/pages"}],"about":[{"href":"https:\/\/www.researchcashlab.com\/en\/wp-json\/wp\/v2\/types\/page"}],"author":[{"embeddable":true,"href":"https:\/\/www.researchcashlab.com\/en\/wp-json\/wp\/v2\/users\/3"}],"replies":[{"embeddable":true,"href":"https:\/\/www.researchcashlab.com\/en\/wp-json\/wp\/v2\/comments?post=114"}],"version-history":[{"count":24,"href":"https:\/\/www.researchcashlab.com\/en\/wp-json\/wp\/v2\/pages\/114\/revisions"}],"predecessor-version":[{"id":1349,"href":"https:\/\/www.researchcashlab.com\/en\/wp-json\/wp\/v2\/pages\/114\/revisions\/1349"}],"wp:attachment":[{"href":"https:\/\/www.researchcashlab.com\/en\/wp-json\/wp\/v2\/media?parent=114"}],"curies":[{"name":"wp","href":"https:\/\/api.w.org\/{rel}","templated":true}]}}