{"id":1315,"date":"2022-11-28T15:01:15","date_gmt":"2022-11-28T15:01:15","guid":{"rendered":"https:\/\/www.researchcashlab.com\/?page_id=1315"},"modified":"2022-11-28T15:02:39","modified_gmt":"2022-11-28T15:02:39","slug":"aprende","status":"publish","type":"page","link":"https:\/\/www.researchcashlab.com\/en\/aprende\/","title":{"rendered":"APRENDE CON NOSOTROS"},"content":{"rendered":"<p><strong>\u00bfQu\u00e9 es el EBITDA o cash-flow operativo?&nbsp;\n<\/strong><\/p>\n\n\n\n<p>Es el resultado de explotaci\u00f3n obtenido por una\nempresa antes de deducir los intereses, impuestos, provisiones y\namortizaciones. Indica a los inversores la capacidad de la empresa para obtener\nresultados de su actividad (sin considerar el efecto de las cargas financieras,\nya que \u00e9stas no dependen del negocio en s\u00ed).<\/p>\n\n\n\n<p><strong>\u00bfSi utilizo la herramienta de valoraci\u00f3n financiera R+Cash, aplicar\u00e9 este\nconcepto? <\/strong><\/p>\n\n\n\n<p>Si, es una de las m\u00e9tricas que se obtiene en el informe final que genera la herramienta report\u00e1ndote toda la informaci\u00f3n necesaria sobre la&nbsp; viabilidad financiera de tu proyecto. Puede verse en la primera l\u00ednea de la Tabla 1 y en el Gr\u00e1fico 2.<\/p>\n\n\n\n<figure class=\"wp-block-image size-large is-resized\"><img decoding=\"async\" loading=\"lazy\" src=\"https:\/\/www.researchcashlab.com\/wp-content\/uploads\/2022\/11\/concepto.png\" alt=\"\" class=\"wp-image-1316\" width=\"506\" height=\"295\" srcset=\"https:\/\/www.researchcashlab.com\/wp-content\/uploads\/2022\/11\/concepto.png 506w, https:\/\/www.researchcashlab.com\/wp-content\/uploads\/2022\/11\/concepto-300x175.png 300w, https:\/\/www.researchcashlab.com\/wp-content\/uploads\/2022\/11\/concepto-16x9.png 16w\" sizes=\"(max-width: 506px) 100vw, 506px\" \/><\/figure>\n\n\n\n<figure class=\"wp-block-image size-large\"><img decoding=\"async\" loading=\"lazy\" width=\"573\" height=\"305\" src=\"https:\/\/www.researchcashlab.com\/wp-content\/uploads\/2022\/11\/concepto2.png\" alt=\"\" class=\"wp-image-1317\" srcset=\"https:\/\/www.researchcashlab.com\/wp-content\/uploads\/2022\/11\/concepto2.png 573w, https:\/\/www.researchcashlab.com\/wp-content\/uploads\/2022\/11\/concepto2-300x160.png 300w, https:\/\/www.researchcashlab.com\/wp-content\/uploads\/2022\/11\/concepto2-16x9.png 16w\" sizes=\"(max-width: 573px) 100vw, 573px\" \/><\/figure>\n\n\n\n<p><strong>Flujo de caja<\/strong><\/p>\n\n\n\n<p>Diferencia entre los cobros y pagos efectivamente\nrealizados en un per\u00edodo de tiempo, como consecuencia de la actividad de una\ncompa\u00f1\u00eda (no coincide con los gastos e ingresos devengados, que pueden\nregistrarse contablemente pero no siempre tienen un reflejo inmediato en la\ncuenta de tesorer\u00eda). A esta entrada y salida de dinero tambi\u00e9n se le llama\n&#8216;flujo de tesorer\u00eda&#8217;. En el \u00e1mbito de los an\u00e1lisis y valoraciones de empresas,\nse distingue entre los conceptos de flujo de caja (beneficios despu\u00e9s de\nimpuestos m\u00e1s amortizaciones) y flujo de caja libre. Este \u00faltimo se obtiene\nrestando al flujo de caja las inversiones necesarias para atender las\nnecesidades operativas de la empresa, y constituye la liquidez efectiva de la\nmisma.<\/p>\n\n\n\n<p><strong>\u00bfSi utilizo la herramienta de valoraci\u00f3n financiera R+Cash, aplicar\u00e9 este\nconcepto? <\/strong><\/p>\n\n\n\n<p>Si, por supuesto. Cuando termines de introducir los datos en el software, se generar\u00e1 un informe con toda la informaci\u00f3n relativa a la viabilidad financiera de tu proyecto. En este informe se proporciona el resultado del efectivo l\u00edquido neto que generar\u00e1 el proyecto (Flujo Neto de Caja, FNC). Estos FNC pueden ser positivos (los cobros superan a los pagos) o negativos (los pagos superan a los cobros). Esta informaci\u00f3n se detalla en la Tabla 1. <\/p>\n\n\n\n<figure class=\"wp-block-image size-large\"><img decoding=\"async\" loading=\"lazy\" width=\"660\" height=\"384\" src=\"https:\/\/www.researchcashlab.com\/wp-content\/uploads\/2022\/11\/concepto3.png\" alt=\"\" class=\"wp-image-1318\" srcset=\"https:\/\/www.researchcashlab.com\/wp-content\/uploads\/2022\/11\/concepto3.png 660w, https:\/\/www.researchcashlab.com\/wp-content\/uploads\/2022\/11\/concepto3-300x175.png 300w, https:\/\/www.researchcashlab.com\/wp-content\/uploads\/2022\/11\/concepto3-16x9.png 16w\" sizes=\"(max-width: 660px) 100vw, 660px\" \/><\/figure>\n\n\n\n<p><strong>\u00bfQu\u00e9 es la depreciaci\u00f3n\/amortizaci\u00f3n? <\/strong><\/p>\n\n\n\n<p>La depreciaci\u00f3n consiste en una reducci\u00f3n\ndel valor de un bien. En el caso de elementos f\u00edsicos, suele deberse al paso\ndel tiempo o a los efectos del uso (por ejemplo, la maquinaria de una f\u00e1brica).<\/p>\n\n\n\n<p><strong>\u00bfSi utilizo la herramienta de valoraci\u00f3n financiera R+Cash, aplicar\u00e9 este\nconcepto? <\/strong><\/p>\n\n\n\n<p>S\u00ed, al iniciar el m\u00f3dulo de costes en nuestro simulador de rentabilidades R+Cash, se solicitar\u00e1 informaci\u00f3n acerca del inmovilizado y del m\u00e9todo de amortizaci\u00f3n a emplear sobre dicho inmovilizado. <\/p>\n\n\n\n<figure class=\"wp-block-image size-large\"><img decoding=\"async\" loading=\"lazy\" width=\"500\" height=\"279\" src=\"https:\/\/www.researchcashlab.com\/wp-content\/uploads\/2022\/11\/concpeto5.png\" alt=\"\" class=\"wp-image-1319\" srcset=\"https:\/\/www.researchcashlab.com\/wp-content\/uploads\/2022\/11\/concpeto5.png 500w, https:\/\/www.researchcashlab.com\/wp-content\/uploads\/2022\/11\/concpeto5-300x167.png 300w, https:\/\/www.researchcashlab.com\/wp-content\/uploads\/2022\/11\/concpeto5-16x9.png 16w\" sizes=\"(max-width: 500px) 100vw, 500px\" \/><\/figure>\n\n\n\n<p><strong>Activo fijo<\/strong><\/p>\n\n\n\n<p>Tambi\u00e9n denominado inmovilizado, est\u00e1\nintegrado por los bienes y derechos de una empresa que no est\u00e1n destinados a la\nventa sino a asegurar su funcionamiento y continuidad: terrenos, edificios, maquinaria,\npatentes, marcas, etc.<\/p>\n\n\n\n<p><strong>\u00bfSi utilizo la herramienta de valoraci\u00f3n financiera R+Cash, aplicar\u00e9 este\nconcepto? <\/strong><\/p>\n\n\n\n<p>S\u00ed, en el m\u00f3dulo de costes de adquisici\u00f3n\/inversi\u00f3n deber\u00e1s aportar informaci\u00f3n sobre los activos fijos (o inmovilizado) del proyecto.<\/p>\n\n\n\n<figure class=\"wp-block-image size-large\"><img decoding=\"async\" loading=\"lazy\" width=\"850\" height=\"389\" src=\"https:\/\/www.researchcashlab.com\/wp-content\/uploads\/2022\/11\/concepoto6.png\" alt=\"\" class=\"wp-image-1320\" srcset=\"https:\/\/www.researchcashlab.com\/wp-content\/uploads\/2022\/11\/concepoto6.png 850w, https:\/\/www.researchcashlab.com\/wp-content\/uploads\/2022\/11\/concepoto6-300x137.png 300w, https:\/\/www.researchcashlab.com\/wp-content\/uploads\/2022\/11\/concepoto6-768x351.png 768w, https:\/\/www.researchcashlab.com\/wp-content\/uploads\/2022\/11\/concepoto6-16x7.png 16w\" sizes=\"(max-width: 850px) 100vw, 850px\" \/><\/figure>\n\n\n\n<p><strong>\u00bfQu\u00e9 es la Tasa interna de rentabilidad, TIR? <\/strong><\/p>\n\n\n\n<p>Es el tipo de inter\u00e9s al que se\ndescuentan los flujos futuros de cobros y pagos previstos en una inversi\u00f3n,\npara igualarlos con el valor inicial de la misma (obteni\u00e9ndose un Valor actual\nneto igual a 0). Indica la rentabilidad de la inversi\u00f3n, es decir, el tipo al\nque resulta indiferente disponer del capital en el momento actual, o diferir su\ndisponibilidad hasta las fechas de cobro previstas. Ver&nbsp;<a href=\"https:\/\/www.cnmv.es\/Portal\/Inversor\/Glosario.aspx?id=0&amp;term=Valor%20actual%20neto%20de%20una%20inversi%C3%B3n,%20VAN&amp;idlang=1\">Valor actual neto de una\ninversi\u00f3n, VAN<\/a>. <\/p>\n\n\n\n<p><strong>\u00bfSi utilizo la herramienta de valoraci\u00f3n financiera R+Cash, aplicar\u00e9 este\nconcepto? <\/strong><\/p>\n\n\n\n<p>La TIR se ve en el informe final, junto con una explicaci\u00f3n ofrecida por el software sobre la idoneidad o no de llevar a cabo el proyecto desde el punto de vista econ\u00f3mico financiero.<\/p>\n\n\n\n<figure class=\"wp-block-image size-large\"><img decoding=\"async\" loading=\"lazy\" width=\"672\" height=\"298\" src=\"https:\/\/www.researchcashlab.com\/wp-content\/uploads\/2022\/11\/concepto7.png\" alt=\"\" class=\"wp-image-1321\" srcset=\"https:\/\/www.researchcashlab.com\/wp-content\/uploads\/2022\/11\/concepto7.png 672w, https:\/\/www.researchcashlab.com\/wp-content\/uploads\/2022\/11\/concepto7-300x133.png 300w, https:\/\/www.researchcashlab.com\/wp-content\/uploads\/2022\/11\/concepto7-16x7.png 16w\" sizes=\"(max-width: 672px) 100vw, 672px\" \/><\/figure>\n\n\n\n<p><strong>\u00bfQu\u00e9 es el Valor actual neto de una inversi\u00f3n, VAN?&nbsp; <\/strong><\/p>\n\n\n\n<p>Es el valor que tendr\u00edan en el\nmomento actual todos los cobros y pagos que se prev\u00e9 que genere en el futuro un\ndeterminado activo financiero\/proyecto de inversi\u00f3n. Para &#8216;traer&#8217; o descontar\nesos flujos, en general se emplea un tipo de inter\u00e9s apropiado al riesgo y al\nhorizonte temporal de dicho activo, bajo la hip\u00f3tesis de que se mantendr\u00e1 sin\ncambios durante toda la vida de la inversi\u00f3n (esta premisa suele emplearse por\nsimplicidad operativa).<\/p>\n\n\n\n<p><strong>\u00bfSi utilizo la herramienta de valoraci\u00f3n financiera R+Cash, aplicar\u00e9 este\nconcepto? <\/strong><\/p>\n\n\n\n<p>El VAN se ve en el informe final (Tabla 2), junto con una explicaci\u00f3n ofrecida por el software sobre la idoneidad o no de llevar a cabo el proyecto desde el punto de vista econ\u00f3mico-financiero.<\/p>\n\n\n\n<figure class=\"wp-block-image size-large\"><img decoding=\"async\" loading=\"lazy\" width=\"999\" height=\"406\" src=\"https:\/\/www.researchcashlab.com\/wp-content\/uploads\/2022\/11\/concepto8.png\" alt=\"\" class=\"wp-image-1322\" srcset=\"https:\/\/www.researchcashlab.com\/wp-content\/uploads\/2022\/11\/concepto8.png 999w, https:\/\/www.researchcashlab.com\/wp-content\/uploads\/2022\/11\/concepto8-300x122.png 300w, https:\/\/www.researchcashlab.com\/wp-content\/uploads\/2022\/11\/concepto8-768x312.png 768w, https:\/\/www.researchcashlab.com\/wp-content\/uploads\/2022\/11\/concepto8-16x7.png 16w\" sizes=\"(max-width: 999px) 100vw, 999px\" \/><\/figure>","protected":false},"excerpt":{"rendered":"<p>\u00bfQu\u00e9 es el EBITDA o cash-flow operativo?&nbsp; Es el resultado de explotaci\u00f3n obtenido por una empresa antes de deducir los intereses, impuestos, provisiones y amortizaciones. Indica a los inversores la capacidad de la empresa para obtener resultados de su actividad (sin considerar el efecto de las cargas financieras, ya que \u00e9stas no dependen del negocio<\/p>","protected":false},"author":3,"featured_media":0,"parent":0,"menu_order":0,"comment_status":"closed","ping_status":"closed","template":"","meta":[],"yoast_head":"<!-- This site is optimized with the Yoast SEO plugin v20.8 - https:\/\/yoast.com\/wordpress\/plugins\/seo\/ -->\n<title>APRENDE CON NOSOTROS | Research + Cash Lab<\/title>\n<meta name=\"robots\" content=\"index, follow, max-snippet:-1, max-image-preview:large, max-video-preview:-1\" \/>\n<link rel=\"canonical\" href=\"https:\/\/www.researchcashlab.com\/en\/aprende\/\" \/>\n<meta property=\"og:locale\" content=\"en_US\" \/>\n<meta property=\"og:type\" content=\"article\" \/>\n<meta property=\"og:title\" content=\"APRENDE CON NOSOTROS | Research + Cash Lab\" \/>\n<meta property=\"og:description\" content=\"\u00bfQu\u00e9 es el EBITDA o cash-flow operativo?&nbsp; Es el resultado de explotaci\u00f3n obtenido por una empresa antes de deducir los intereses, impuestos, provisiones y amortizaciones. Indica a los inversores la capacidad de la empresa para obtener resultados de su actividad (sin considerar el efecto de las cargas financieras, ya que \u00e9stas no dependen del negocio\" \/>\n<meta property=\"og:url\" content=\"https:\/\/www.researchcashlab.com\/en\/aprende\/\" \/>\n<meta property=\"og:site_name\" content=\"Research + Cash Lab\" \/>\n<meta property=\"article:modified_time\" content=\"2022-11-28T15:02:39+00:00\" \/>\n<meta property=\"og:image\" content=\"https:\/\/www.researchcashlab.com\/wp-content\/uploads\/2022\/11\/concepto.png\" \/>\n<meta name=\"twitter:card\" content=\"summary_large_image\" \/>\n<meta name=\"twitter:label1\" content=\"Est. reading time\" \/>\n\t<meta name=\"twitter:data1\" content=\"4 minutes\" \/>\n<script type=\"application\/ld+json\" class=\"yoast-schema-graph\">{\"@context\":\"https:\/\/schema.org\",\"@graph\":[{\"@type\":\"WebPage\",\"@id\":\"https:\/\/www.researchcashlab.com\/aprende\/\",\"url\":\"https:\/\/www.researchcashlab.com\/aprende\/\",\"name\":\"APRENDE CON NOSOTROS | Research + Cash Lab\",\"isPartOf\":{\"@id\":\"https:\/\/www.researchcashlab.com\/#website\"},\"datePublished\":\"2022-11-28T15:01:15+00:00\",\"dateModified\":\"2022-11-28T15:02:39+00:00\",\"breadcrumb\":{\"@id\":\"https:\/\/www.researchcashlab.com\/aprende\/#breadcrumb\"},\"inLanguage\":\"en-US\",\"potentialAction\":[{\"@type\":\"ReadAction\",\"target\":[\"https:\/\/www.researchcashlab.com\/aprende\/\"]}]},{\"@type\":\"BreadcrumbList\",\"@id\":\"https:\/\/www.researchcashlab.com\/aprende\/#breadcrumb\",\"itemListElement\":[{\"@type\":\"ListItem\",\"position\":1,\"name\":\"Portada\",\"item\":\"https:\/\/www.researchcashlab.com\/\"},{\"@type\":\"ListItem\",\"position\":2,\"name\":\"APRENDE CON NOSOTROS\"}]},{\"@type\":\"WebSite\",\"@id\":\"https:\/\/www.researchcashlab.com\/#website\",\"url\":\"https:\/\/www.researchcashlab.com\/\",\"name\":\"Research + Cash Lab\",\"description\":\"Integramos su investigaci&Atilde;&sup3;n al mercado de empresa\",\"publisher\":{\"@id\":\"https:\/\/www.researchcashlab.com\/#organization\"},\"potentialAction\":[{\"@type\":\"SearchAction\",\"target\":{\"@type\":\"EntryPoint\",\"urlTemplate\":\"https:\/\/www.researchcashlab.com\/?s={search_term_string}\"},\"query-input\":\"required name=search_term_string\"}],\"inLanguage\":\"en-US\"},{\"@type\":\"Organization\",\"@id\":\"https:\/\/www.researchcashlab.com\/#organization\",\"name\":\"Research + Cash Lab\",\"url\":\"https:\/\/www.researchcashlab.com\/\",\"logo\":{\"@type\":\"ImageObject\",\"inLanguage\":\"en-US\",\"@id\":\"https:\/\/www.researchcashlab.com\/#\/schema\/logo\/image\/\",\"url\":\"https:\/\/www.researchcashlab.com\/wp-content\/uploads\/2017\/11\/imgpsh_fullsize-1.png\",\"contentUrl\":\"https:\/\/www.researchcashlab.com\/wp-content\/uploads\/2017\/11\/imgpsh_fullsize-1.png\",\"width\":579,\"height\":195,\"caption\":\"Research + Cash Lab\"},\"image\":{\"@id\":\"https:\/\/www.researchcashlab.com\/#\/schema\/logo\/image\/\"},\"sameAs\":[\"https:\/\/www.linkedin.com\/in\/irene-comeig-ramirez-70b71b7\/\"]}]}<\/script>\n<!-- \/ Yoast SEO plugin. -->","yoast_head_json":{"title":"APRENDE CON NOSOTROS | Research + Cash Lab","robots":{"index":"index","follow":"follow","max-snippet":"max-snippet:-1","max-image-preview":"max-image-preview:large","max-video-preview":"max-video-preview:-1"},"canonical":"https:\/\/www.researchcashlab.com\/en\/aprende\/","og_locale":"en_US","og_type":"article","og_title":"APRENDE CON NOSOTROS | Research + Cash Lab","og_description":"\u00bfQu\u00e9 es el EBITDA o cash-flow operativo?&nbsp; Es el resultado de explotaci\u00f3n obtenido por una empresa antes de deducir los intereses, impuestos, provisiones y amortizaciones. Indica a los inversores la capacidad de la empresa para obtener resultados de su actividad (sin considerar el efecto de las cargas financieras, ya que \u00e9stas no dependen del negocio","og_url":"https:\/\/www.researchcashlab.com\/en\/aprende\/","og_site_name":"Research + Cash Lab","article_modified_time":"2022-11-28T15:02:39+00:00","og_image":[{"url":"https:\/\/www.researchcashlab.com\/wp-content\/uploads\/2022\/11\/concepto.png"}],"twitter_card":"summary_large_image","twitter_misc":{"Est. reading time":"4 minutes"},"schema":{"@context":"https:\/\/schema.org","@graph":[{"@type":"WebPage","@id":"https:\/\/www.researchcashlab.com\/aprende\/","url":"https:\/\/www.researchcashlab.com\/aprende\/","name":"APRENDE CON NOSOTROS | Research + Cash Lab","isPartOf":{"@id":"https:\/\/www.researchcashlab.com\/#website"},"datePublished":"2022-11-28T15:01:15+00:00","dateModified":"2022-11-28T15:02:39+00:00","breadcrumb":{"@id":"https:\/\/www.researchcashlab.com\/aprende\/#breadcrumb"},"inLanguage":"en-US","potentialAction":[{"@type":"ReadAction","target":["https:\/\/www.researchcashlab.com\/aprende\/"]}]},{"@type":"BreadcrumbList","@id":"https:\/\/www.researchcashlab.com\/aprende\/#breadcrumb","itemListElement":[{"@type":"ListItem","position":1,"name":"Portada","item":"https:\/\/www.researchcashlab.com\/"},{"@type":"ListItem","position":2,"name":"APRENDE CON NOSOTROS"}]},{"@type":"WebSite","@id":"https:\/\/www.researchcashlab.com\/#website","url":"https:\/\/www.researchcashlab.com\/","name":"Research + Cash Lab","description":"Integramos su investigaci&Atilde;&sup3;n al mercado de empresa","publisher":{"@id":"https:\/\/www.researchcashlab.com\/#organization"},"potentialAction":[{"@type":"SearchAction","target":{"@type":"EntryPoint","urlTemplate":"https:\/\/www.researchcashlab.com\/?s={search_term_string}"},"query-input":"required name=search_term_string"}],"inLanguage":"en-US"},{"@type":"Organization","@id":"https:\/\/www.researchcashlab.com\/#organization","name":"Research + Cash Lab","url":"https:\/\/www.researchcashlab.com\/","logo":{"@type":"ImageObject","inLanguage":"en-US","@id":"https:\/\/www.researchcashlab.com\/#\/schema\/logo\/image\/","url":"https:\/\/www.researchcashlab.com\/wp-content\/uploads\/2017\/11\/imgpsh_fullsize-1.png","contentUrl":"https:\/\/www.researchcashlab.com\/wp-content\/uploads\/2017\/11\/imgpsh_fullsize-1.png","width":579,"height":195,"caption":"Research + Cash Lab"},"image":{"@id":"https:\/\/www.researchcashlab.com\/#\/schema\/logo\/image\/"},"sameAs":["https:\/\/www.linkedin.com\/in\/irene-comeig-ramirez-70b71b7\/"]}]}},"_links":{"self":[{"href":"https:\/\/www.researchcashlab.com\/en\/wp-json\/wp\/v2\/pages\/1315"}],"collection":[{"href":"https:\/\/www.researchcashlab.com\/en\/wp-json\/wp\/v2\/pages"}],"about":[{"href":"https:\/\/www.researchcashlab.com\/en\/wp-json\/wp\/v2\/types\/page"}],"author":[{"embeddable":true,"href":"https:\/\/www.researchcashlab.com\/en\/wp-json\/wp\/v2\/users\/3"}],"replies":[{"embeddable":true,"href":"https:\/\/www.researchcashlab.com\/en\/wp-json\/wp\/v2\/comments?post=1315"}],"version-history":[{"count":3,"href":"https:\/\/www.researchcashlab.com\/en\/wp-json\/wp\/v2\/pages\/1315\/revisions"}],"predecessor-version":[{"id":1326,"href":"https:\/\/www.researchcashlab.com\/en\/wp-json\/wp\/v2\/pages\/1315\/revisions\/1326"}],"wp:attachment":[{"href":"https:\/\/www.researchcashlab.com\/en\/wp-json\/wp\/v2\/media?parent=1315"}],"curies":[{"name":"wp","href":"https:\/\/api.w.org\/{rel}","templated":true}]}}