{"id":75,"date":"2014-11-03T08:16:22","date_gmt":"2014-11-03T08:16:22","guid":{"rendered":"https:\/\/www.researchcashlab.com\/home\/"},"modified":"2023-05-21T16:20:28","modified_gmt":"2023-05-21T16:20:28","slug":"home","status":"publish","type":"page","link":"https:\/\/www.researchcashlab.com\/en\/","title":{"rendered":"HOME"},"content":{"rendered":"<section class=\"section  text-normal section-text-shadow section-inner-no-shadow section-normal section-opaque\"  id=\"about\" >\n            <div class=\"background-media\" style=\"background-image: url(&#039;https:\/\/www.researchcashlab.com\/wp-content\/uploads\/2014\/11\/fondo-1.jpg&#039;); background-repeat:no-repeat; background-size:cover; background-attachment:fixed; background-position: 50% 0%;\" data-start=\"background-position: 50% 0px\" data-0-top-bottom=\"background-position: 50% -80px\">\n                    <\/div>\n    \n    <div class=\"background-overlay grid-overlay-0\" style=\"background-color: rgba(0,0,0,0);\"><\/div>\n\n    <div class=\"container container-vertical-middle\">\n        <div class=\"row vertical-middle\">\n            <div class=\"col-md-3     text-default small-screen-default\"  ><\/div><div class=\"col-md-3     text-center small-screen-default\"  ><div class=\"divider-wrapper\" style=\"visibility:hidden;background-color:#FFFFFF\">\n    <div class=\"visible-xs\" style=\"height:365px;\"><\/div>\n    <div class=\"visible-sm\" style=\"height:350px;\"><\/div>\n    <div class=\"visible-md\" style=\"height:350px;\"><\/div>\n    <div class=\"visible-lg\" style=\"height:500px;\"><\/div>\n<\/div><a href=\"#services\" class=\"scroll-to scroll-to-id  element-top-20 element-bottom-20 text-light place-bottom\" data-os-animation=\"none\" data-os-animation-delay=\"0s\">\n    <i class=\"fa fa-angle-down\"><\/i>\n<\/a><\/div><div class=\"col-md-6     text-default small-screen-default\"  ><div class=\"divider-wrapper\" style=\"visibility:hidden;background-color:#FFFFFF\">\n    <div class=\"visible-xs\" style=\"height:24px;\"><\/div>\n    <div class=\"visible-sm\" style=\"height:24px;\"><\/div>\n    <div class=\"visible-md\" style=\"height:150px;\"><\/div>\n    <div class=\"visible-lg\" style=\"height:150px;\"><\/div>\n<\/div><\/div>        <\/div>\n    <\/div>\n<\/section>\n<section class=\"section  text-normal section-text-no-shadow section-inner-no-shadow section-normal section-opaque\"  id=\"services\" >\n    \n    <div class=\"background-overlay grid-overlay-0\" style=\"background-color: rgba(0,0,0,0);\"><\/div>\n\n    <div class=\"container container-vertical-default\">\n        <div class=\"row vertical-default\">\n            <div class=\"col-md-2     text-default small-screen-default\"  ><\/div><div class=\"col-md-8     text-center small-screen-default\"  ><div class=\"figure element-top-20 element-bottom-20  center-img\" data-os-animation=\"none\" data-os-animation-delay=\"0s\">\n            <a href=\"https:\/\/www.researchcashlab.com\/en\/nuestro_equipo\/\" class=\"figure-image\" target=\"_self\">\n        <img width=\"150\" height=\"150\" src=\"https:\/\/www.researchcashlab.com\/wp-content\/uploads\/2017\/06\/logo-V1-150x150.png\" class=\"attachment-thumbnail size-thumbnail\" alt=\"\" decoding=\"async\" loading=\"lazy\" srcset=\"https:\/\/www.researchcashlab.com\/wp-content\/uploads\/2017\/06\/logo-V1-150x150.png 150w, https:\/\/www.researchcashlab.com\/wp-content\/uploads\/2017\/06\/logo-V1-600x600.png 600w\" sizes=\"(max-width: 150px) 100vw, 150px\" \/>            <\/a>\n    <\/div>\n<div class=\"divider-border  divider-border-center element-top-20 element-bottom-20 os-animation\" data-os-animation=\"fadeIn\" data-os-animation-delay=\"0s\" >\n    <div class=\"divider-border-inner\" ><\/div>\n<\/div><div class=\"figure element-top-20 element-bottom-20\" data-os-animation=\"none\" data-os-animation-delay=\"0s\">\n            <a href=\"https:\/\/www.researchcashlab.com\/wp-content\/uploads\/2023\/05\/Logo_AVI_Contacto-1-600x348-1.jpg\" class=\"figure-image magnific\" target=\"_self\">\n        <img width=\"600\" height=\"348\" src=\"https:\/\/www.researchcashlab.com\/wp-content\/uploads\/2023\/05\/Logo_AVI_Contacto-1-600x348-1.jpg\" class=\"attachment-full size-full\" alt=\"\" decoding=\"async\" loading=\"lazy\" srcset=\"https:\/\/www.researchcashlab.com\/wp-content\/uploads\/2023\/05\/Logo_AVI_Contacto-1-600x348-1.jpg 600w, https:\/\/www.researchcashlab.com\/wp-content\/uploads\/2023\/05\/Logo_AVI_Contacto-1-600x348-1-300x174.jpg 300w, https:\/\/www.researchcashlab.com\/wp-content\/uploads\/2023\/05\/Logo_AVI_Contacto-1-600x348-1-16x9.jpg 16w\" sizes=\"(max-width: 600px) 100vw, 600px\" \/>            <\/a>\n    <\/div>\n<\/div><div class=\"col-md-2     text-default small-screen-default\"  ><\/div>        <\/div>\n    <\/div>\n<\/section>\n<section class=\"section  text-normal section-text-no-shadow section-inner-no-shadow section-normal section-opaque\"  >\n    \n    <div class=\"background-overlay grid-overlay-0\" style=\"background-color: rgba(0,0,0,0);\"><\/div>\n\n    <div class=\"container container-vertical-default\">\n        <div class=\"row vertical-default\">\n            <div class=\"col-md-6     text-center small-screen-default\"  ><div class=\"figure element-top-40 element-bottom-0   os-animation\" data-os-animation=\"fadeIn\" data-os-animation-delay=\"0.1s\">\n            <a href=\"https:\/\/www.researchcashlab.com\/en\/nuestro_equipo\/\" class=\"figure-image\" target=\"_self\">\n        <img width=\"800\" height=\"450\" src=\"https:\/\/www.researchcashlab.com\/wp-content\/uploads\/2014\/11\/ojo-4.jpg\" class=\"attachment-full size-full\" alt=\"\" decoding=\"async\" loading=\"lazy\" srcset=\"https:\/\/www.researchcashlab.com\/wp-content\/uploads\/2014\/11\/ojo-4.jpg 800w, https:\/\/www.researchcashlab.com\/wp-content\/uploads\/2014\/11\/ojo-4-300x169.jpg 300w, https:\/\/www.researchcashlab.com\/wp-content\/uploads\/2014\/11\/ojo-4-768x432.jpg 768w\" sizes=\"(max-width: 800px) 100vw, 800px\" \/>            <\/a>\n    <\/div>\n<h2 class=\"text-center  element-top-20 element-bottom-0 text-normal os-animation normal light\" data-os-animation=\"fadeIn\" data-os-animation-delay=\"0.2s\" >\n    OUR TEAM<\/h2><\/div><div class=\"col-md-6     text-center small-screen-default\"  ><div class=\"figure element-top-40 element-bottom-0   os-animation\" data-os-animation=\"fadeIn\" data-os-animation-delay=\"0.2s\">\n            <a href=\"https:\/\/www.researchcashlab.com\/en\/servicios\/\" class=\"figure-image\" target=\"_self\">\n        <img width=\"800\" height=\"450\" src=\"https:\/\/www.researchcashlab.com\/wp-content\/uploads\/2014\/11\/microscopio.jpg\" class=\"attachment-full size-full\" alt=\"\" decoding=\"async\" loading=\"lazy\" srcset=\"https:\/\/www.researchcashlab.com\/wp-content\/uploads\/2014\/11\/microscopio.jpg 800w, https:\/\/www.researchcashlab.com\/wp-content\/uploads\/2014\/11\/microscopio-300x169.jpg 300w, https:\/\/www.researchcashlab.com\/wp-content\/uploads\/2014\/11\/microscopio-768x432.jpg 768w\" sizes=\"(max-width: 800px) 100vw, 800px\" \/>            <\/a>\n    <\/div>\n<h2 class=\"text-center  element-top-20 element-bottom-0 text-normal os-animation normal light\" data-os-animation=\"fadeIn\" data-os-animation-delay=\"0.3s\" >\n    SERVICES<\/h2><\/div>        <\/div>\n    <\/div>\n<\/section>\n<section class=\"section  text-normal section-text-no-shadow section-inner-no-shadow section-normal section-opaque\"  >\n    \n    <div class=\"background-overlay grid-overlay-0\" style=\"background-color: rgba(0,0,0,0);\"><\/div>\n\n    <div class=\"container container-vertical-default\">\n        <div class=\"row vertical-default\">\n            <div class=\"col-md-12     text-default small-screen-default\"  ><div class=\"divider-wrapper\" style=\"visibility:hidden;background-color:#FFFFFF\">\n    <div class=\"visible-xs\" style=\"height:24px;\"><\/div>\n    <div class=\"visible-sm\" style=\"height:24px;\"><\/div>\n    <div class=\"visible-md\" style=\"height:24px;\"><\/div>\n    <div class=\"visible-lg\" style=\"height:24px;\"><\/div>\n<\/div><\/div>        <\/div>\n    <\/div>\n<\/section>\n<section class=\"section  text-normal section-text-no-shadow section-inner-no-shadow section-normal section-opaque\"  id=\"portfolio\" >\n    \n    <div class=\"background-overlay grid-overlay-0\" style=\"background-color: rgba(134,134,133,0);\"><\/div>\n\n    <div class=\"container container-vertical-default\">\n        <div class=\"row vertical-default\">\n            <div class=\"col-md-2     text-default small-screen-default\"  ><\/div><div class=\"col-md-8     text-default small-screen-default\"  ><h1 class=\"text-center  element-top-20 element-bottom-0 text-normal os-animation normal light\" data-os-animation=\"fadeIn\" data-os-animation-delay=\"0s\" >\n    News<\/h1><div class=\"divider-border  divider-border-center element-top-20 element-bottom-20 os-animation\" data-os-animation=\"fadeIn\" data-os-animation-delay=\"0s\" >\n    <div class=\"divider-border-inner\" ><\/div>\n<\/div><\/div><div class=\"col-md-2     text-default small-screen-default\"  ><\/div>        <\/div>\n    <\/div>\n<\/section>\n<section class=\"section  text-normal section-text-no-shadow section-inner-no-shadow section-normal section-opaque\"  >\n    \n    <div class=\"background-overlay grid-overlay-0\" style=\"background-color: rgba(134,134,133,0);\"><\/div>\n\n    <div class=\"container container-vertical-default\">\n        <div class=\"row vertical-default\">\n            <div class=\"col-md-12     text-default small-screen-default\"  > <div class=\"element-top-20 element-bottom-20 recent-simple-os-container list-container row\">\n    \n        <div class=\"col-md-4\" data-os-animation=\"none\" data-os-animation-delay=\"0s\">\n\n        <article id=\"post-1366\" class=\"post-grid post-grid-overlay element-bottom-20 text-left\" style=\"background-image: url(https:\/\/www.researchcashlab.com\/wp-content\/uploads\/2023\/05\/WhatsApp-Image-2023-05-23-at-20.21.07-600x400.jpeg)\">\n    <a href=\"https:\/\/www.researchcashlab.com\/en\/el-software-rcash-lab-llega-a-la-facultad-de-psicologia-de-la-uv\/\">\n        <div class=\"post-grid-content\">\n            <h3 class=\"post-grid-content-title\">\n                El software R+Cash Lab llega a la Facultad de Psicolog\u00eda de la UV            <\/h3>\n            <div class=\"post-grid-content-footer\">\n                                25 April, 2023            <\/div>\n        <\/div>\n    <\/a>\n<\/article>\n\n        <\/div>\n        \n        <div class=\"col-md-4\" data-os-animation=\"none\" data-os-animation-delay=\"0s\">\n\n        <article id=\"post-1361\" class=\"post-grid post-grid-overlay element-bottom-20 text-left\" style=\"background-image: url(https:\/\/www.researchcashlab.com\/wp-content\/uploads\/2023\/05\/nixaruan-600x400.jpeg)\">\n    <a href=\"https:\/\/www.researchcashlab.com\/en\/el-equipo-rcash-lab-participa-en-la-iniciativa-time-for-women-para-acompanar-a-nixarian-foundation\/\">\n        <div class=\"post-grid-content\">\n            <h3 class=\"post-grid-content-title\">\n                El equipo R+Cash Lab participa en la iniciativa Time For Women para acompa\u00f1ar a Nixarian Foundation            <\/h3>\n            <div class=\"post-grid-content-footer\">\n                                23 February, 2023            <\/div>\n        <\/div>\n    <\/a>\n<\/article>\n\n        <\/div>\n        \n        <div class=\"col-md-4\" data-os-animation=\"none\" data-os-animation-delay=\"0s\">\n\n        <article id=\"post-1339\" class=\"post-grid post-grid-overlay element-bottom-20 text-left\" style=\"background-image: url(https:\/\/www.researchcashlab.com\/wp-content\/uploads\/2022\/12\/esic-600x400.jpg)\">\n    <a href=\"https:\/\/www.researchcashlab.com\/en\/esic-business-mark-y-rcash-lab-aprendiendo-juntos\/\">\n        <div class=\"post-grid-content\">\n            <h3 class=\"post-grid-content-title\">\n                ESIC Business &#038; Mark y R+Cash Lab, aprendiendo juntos            <\/h3>\n            <div class=\"post-grid-content-footer\">\n                                13 November, 2022            <\/div>\n        <\/div>\n    <\/a>\n<\/article>\n\n        <\/div>\n        <\/div>\n<\/div>        <\/div>\n    <\/div>\n<\/section>","protected":false},"excerpt":{"rendered":"La Dra Alicia M\u00e1s, miembro del equipo R+Cash Lab, particip\u00f3 el pasado 21 de abril en la Jornada de emprendimiento de la Facultad de Psicolog\u00eda de la Universitat de Valencia en colaboraci\u00f3n con el proyecto AulaEmpresarial. En ella, pudo presentar a los asistentes las bondades de nuestro simulador de rentabilidades de proyectos online y gratuito.","protected":false},"author":3,"featured_media":0,"parent":0,"menu_order":0,"comment_status":"open","ping_status":"closed","template":"","meta":[],"yoast_head":"<!-- This site is optimized with the Yoast SEO plugin v20.8 - https:\/\/yoast.com\/wordpress\/plugins\/seo\/ -->\n<title>Tu Investigaci\u00f3n es Innovaci\u00f3n para Empresas | R+Cash Lab<\/title>\n<meta name=\"description\" content=\"Transforma tu investigaci\u00f3n en valor con la ayuda de los servicios que ofrecemos en Research Cash Lab. Entra y descubre todo lo que podemos hacer por ti.\" \/>\n<meta name=\"robots\" content=\"index, follow, max-snippet:-1, max-image-preview:large, max-video-preview:-1\" \/>\n<link rel=\"canonical\" href=\"https:\/\/www.researchcashlab.com\/en\/\" \/>\n<meta property=\"og:locale\" content=\"en_US\" \/>\n<meta property=\"og:type\" content=\"article\" \/>\n<meta property=\"og:title\" content=\"Tu Investigaci\u00f3n es Innovaci\u00f3n para Empresas | R+Cash Lab\" \/>\n<meta property=\"og:description\" content=\"Transforma tu investigaci\u00f3n en valor con la ayuda de los servicios que ofrecemos en Research Cash Lab. Entra y descubre todo lo que podemos hacer por ti.\" \/>\n<meta property=\"og:url\" content=\"https:\/\/www.researchcashlab.com\/en\/\" \/>\n<meta property=\"og:site_name\" content=\"Research + Cash Lab\" \/>\n<meta property=\"article:modified_time\" content=\"2023-05-21T16:20:28+00:00\" \/>\n<meta name=\"twitter:card\" content=\"summary_large_image\" \/>\n<meta name=\"twitter:label1\" content=\"Est. reading time\" \/>\n\t<meta name=\"twitter:data1\" content=\"2 minutes\" \/>\n<script type=\"application\/ld+json\" class=\"yoast-schema-graph\">{\"@context\":\"https:\/\/schema.org\",\"@graph\":[{\"@type\":\"WebPage\",\"@id\":\"https:\/\/www.researchcashlab.com\/\",\"url\":\"https:\/\/www.researchcashlab.com\/\",\"name\":\"Tu Investigaci\u00f3n es Innovaci\u00f3n para Empresas | R+Cash Lab\",\"isPartOf\":{\"@id\":\"https:\/\/www.researchcashlab.com\/#website\"},\"datePublished\":\"2014-11-03T08:16:22+00:00\",\"dateModified\":\"2023-05-21T16:20:28+00:00\",\"description\":\"Transforma tu investigaci\u00f3n en valor con la ayuda de los servicios que ofrecemos en Research Cash Lab. Entra y descubre todo lo que podemos hacer por ti.\",\"breadcrumb\":{\"@id\":\"https:\/\/www.researchcashlab.com\/#breadcrumb\"},\"inLanguage\":\"en-US\",\"potentialAction\":[{\"@type\":\"ReadAction\",\"target\":[\"https:\/\/www.researchcashlab.com\/\"]}]},{\"@type\":\"BreadcrumbList\",\"@id\":\"https:\/\/www.researchcashlab.com\/#breadcrumb\",\"itemListElement\":[{\"@type\":\"ListItem\",\"position\":1,\"name\":\"Portada\",\"item\":\"https:\/\/www.researchcashlab.com\/\"},{\"@type\":\"ListItem\",\"position\":2,\"name\":\"HOME\"}]},{\"@type\":\"WebSite\",\"@id\":\"https:\/\/www.researchcashlab.com\/#website\",\"url\":\"https:\/\/www.researchcashlab.com\/\",\"name\":\"Research + Cash Lab\",\"description\":\"Integramos su investigaci&Atilde;&sup3;n al mercado de empresa\",\"publisher\":{\"@id\":\"https:\/\/www.researchcashlab.com\/#organization\"},\"potentialAction\":[{\"@type\":\"SearchAction\",\"target\":{\"@type\":\"EntryPoint\",\"urlTemplate\":\"https:\/\/www.researchcashlab.com\/?s={search_term_string}\"},\"query-input\":\"required name=search_term_string\"}],\"inLanguage\":\"en-US\"},{\"@type\":\"Organization\",\"@id\":\"https:\/\/www.researchcashlab.com\/#organization\",\"name\":\"Research + Cash Lab\",\"url\":\"https:\/\/www.researchcashlab.com\/\",\"logo\":{\"@type\":\"ImageObject\",\"inLanguage\":\"en-US\",\"@id\":\"https:\/\/www.researchcashlab.com\/#\/schema\/logo\/image\/\",\"url\":\"https:\/\/www.researchcashlab.com\/wp-content\/uploads\/2017\/11\/imgpsh_fullsize-1.png\",\"contentUrl\":\"https:\/\/www.researchcashlab.com\/wp-content\/uploads\/2017\/11\/imgpsh_fullsize-1.png\",\"width\":579,\"height\":195,\"caption\":\"Research + Cash Lab\"},\"image\":{\"@id\":\"https:\/\/www.researchcashlab.com\/#\/schema\/logo\/image\/\"},\"sameAs\":[\"https:\/\/www.linkedin.com\/in\/irene-comeig-ramirez-70b71b7\/\"]}]}<\/script>\n<!-- \/ Yoast SEO plugin. -->","yoast_head_json":{"title":"Tu Investigaci\u00f3n es Innovaci\u00f3n para Empresas | R+Cash Lab","description":"Transforma tu investigaci\u00f3n en valor con la ayuda de los servicios que ofrecemos en Research Cash Lab. Entra y descubre todo lo que podemos hacer por ti.","robots":{"index":"index","follow":"follow","max-snippet":"max-snippet:-1","max-image-preview":"max-image-preview:large","max-video-preview":"max-video-preview:-1"},"canonical":"https:\/\/www.researchcashlab.com\/en\/","og_locale":"en_US","og_type":"article","og_title":"Tu Investigaci\u00f3n es Innovaci\u00f3n para Empresas | R+Cash Lab","og_description":"Transforma tu investigaci\u00f3n en valor con la ayuda de los servicios que ofrecemos en Research Cash Lab. Entra y descubre todo lo que podemos hacer por ti.","og_url":"https:\/\/www.researchcashlab.com\/en\/","og_site_name":"Research + Cash Lab","article_modified_time":"2023-05-21T16:20:28+00:00","twitter_card":"summary_large_image","twitter_misc":{"Est. reading time":"2 minutes"},"schema":{"@context":"https:\/\/schema.org","@graph":[{"@type":"WebPage","@id":"https:\/\/www.researchcashlab.com\/","url":"https:\/\/www.researchcashlab.com\/","name":"Tu Investigaci\u00f3n es Innovaci\u00f3n para Empresas | R+Cash Lab","isPartOf":{"@id":"https:\/\/www.researchcashlab.com\/#website"},"datePublished":"2014-11-03T08:16:22+00:00","dateModified":"2023-05-21T16:20:28+00:00","description":"Transforma tu investigaci\u00f3n en valor con la ayuda de los servicios que ofrecemos en Research Cash Lab. Entra y descubre todo lo que podemos hacer por ti.","breadcrumb":{"@id":"https:\/\/www.researchcashlab.com\/#breadcrumb"},"inLanguage":"en-US","potentialAction":[{"@type":"ReadAction","target":["https:\/\/www.researchcashlab.com\/"]}]},{"@type":"BreadcrumbList","@id":"https:\/\/www.researchcashlab.com\/#breadcrumb","itemListElement":[{"@type":"ListItem","position":1,"name":"Portada","item":"https:\/\/www.researchcashlab.com\/"},{"@type":"ListItem","position":2,"name":"HOME"}]},{"@type":"WebSite","@id":"https:\/\/www.researchcashlab.com\/#website","url":"https:\/\/www.researchcashlab.com\/","name":"Research + Cash Lab","description":"Integramos su investigaci&Atilde;&sup3;n al mercado de empresa","publisher":{"@id":"https:\/\/www.researchcashlab.com\/#organization"},"potentialAction":[{"@type":"SearchAction","target":{"@type":"EntryPoint","urlTemplate":"https:\/\/www.researchcashlab.com\/?s={search_term_string}"},"query-input":"required name=search_term_string"}],"inLanguage":"en-US"},{"@type":"Organization","@id":"https:\/\/www.researchcashlab.com\/#organization","name":"Research + Cash Lab","url":"https:\/\/www.researchcashlab.com\/","logo":{"@type":"ImageObject","inLanguage":"en-US","@id":"https:\/\/www.researchcashlab.com\/#\/schema\/logo\/image\/","url":"https:\/\/www.researchcashlab.com\/wp-content\/uploads\/2017\/11\/imgpsh_fullsize-1.png","contentUrl":"https:\/\/www.researchcashlab.com\/wp-content\/uploads\/2017\/11\/imgpsh_fullsize-1.png","width":579,"height":195,"caption":"Research + Cash Lab"},"image":{"@id":"https:\/\/www.researchcashlab.com\/#\/schema\/logo\/image\/"},"sameAs":["https:\/\/www.linkedin.com\/in\/irene-comeig-ramirez-70b71b7\/"]}]}},"_links":{"self":[{"href":"https:\/\/www.researchcashlab.com\/en\/wp-json\/wp\/v2\/pages\/75"}],"collection":[{"href":"https:\/\/www.researchcashlab.com\/en\/wp-json\/wp\/v2\/pages"}],"about":[{"href":"https:\/\/www.researchcashlab.com\/en\/wp-json\/wp\/v2\/types\/page"}],"author":[{"embeddable":true,"href":"https:\/\/www.researchcashlab.com\/en\/wp-json\/wp\/v2\/users\/3"}],"replies":[{"embeddable":true,"href":"https:\/\/www.researchcashlab.com\/en\/wp-json\/wp\/v2\/comments?post=75"}],"version-history":[{"count":83,"href":"https:\/\/www.researchcashlab.com\/en\/wp-json\/wp\/v2\/pages\/75\/revisions"}],"predecessor-version":[{"id":1365,"href":"https:\/\/www.researchcashlab.com\/en\/wp-json\/wp\/v2\/pages\/75\/revisions\/1365"}],"wp:attachment":[{"href":"https:\/\/www.researchcashlab.com\/en\/wp-json\/wp\/v2\/media?parent=75"}],"curies":[{"name":"wp","href":"https:\/\/api.w.org\/{rel}","templated":true}]}}